{"id":5351,"date":"2024-07-11T00:56:03","date_gmt":"2024-07-11T00:56:03","guid":{"rendered":"https:\/\/ossayasociados.com.co\/web\/?page_id=5351"},"modified":"2026-05-11T11:39:16","modified_gmt":"2026-05-11T16:39:16","slug":"charter-2","status":"publish","type":"page","link":"https:\/\/ossayasociados.com.co\/web\/charter-2\/","title":{"rendered":"Charter 2"},"content":{"rendered":"\t\t<div data-elementor-type=\"wp-page\" data-elementor-id=\"5351\" class=\"elementor elementor-5351\" data-elementor-post-type=\"page\">\n\t\t\t\t<div class=\"elementor-element elementor-element-c8d0aa5 e-grid e-con-boxed e-con e-parent\" data-id=\"c8d0aa5\" data-element_type=\"container\" data-e-type=\"container\">\n\t\t\t\t\t<div class=\"e-con-inner\">\n\t\t\t\t<div class=\"elementor-element elementor-element-edb7f0a fluentform-widget-submit-button-custom elementor-widget elementor-widget-fluent-form-widget\" data-id=\"edb7f0a\" data-element_type=\"widget\" data-e-type=\"widget\" data-widget_type=\"fluent-form-widget.default\">\n\t\t\t\t<div class=\"elementor-widget-container\">\n\t\t\t\t\t\n            <div class=\"fluentform-widget-wrapper fluentform-widget-align-default\">\n\n            \n            <div class='fluentform ff-inherit-theme-style fluentform_wrapper_42'><form data-form_id=\"42\" id=\"fluentform_42\" class=\"frm-fluent-form fluent_form_42 ff-el-form-top ff_form_instance_42_1 ff-form-loading ffs_inherit_theme\" data-form_instance=\"ff_form_instance_42_1\" method=\"POST\" ><fieldset  style=\"border: none!important;margin: 0!important;padding: 0!important;background-color: transparent!important;box-shadow: none!important;outline: none!important; min-inline-size: 100%;\">\n                    <legend class=\"ff_screen_reader_title\" style=\"display: block; margin: 0!important;padding: 0!important;height: 0!important;text-indent: -999999px;width: 0!important;overflow:hidden;\">Charter<\/legend><input type='hidden' name='__fluent_form_embded_post_id' value='5351' \/><input type=\"hidden\" id=\"_fluentform_42_fluentformnonce\" name=\"_fluentform_42_fluentformnonce\" value=\"bcd5ec02c9\" \/><input type=\"hidden\" name=\"_wp_http_referer\" value=\"\/web\/wp-json\/wp\/v2\/pages\/5351\" \/><div class='ff-el-group  ff-custom_html' tabindex='-1' data-name=\"custom_html-42_1\" ><h3 style=\"text-align: center\">\u00a1Reserva tu lugar vuelo charter!<br \/>24 de Junio\u00a0<\/h3><\/div><div class='ff-el-group  ff-custom_html' tabindex='-1' data-name=\"custom_html-42_2\" ><h6 style=\"text-align: center\"><em><span style=\"color: #999999\">\u00a0\"Por favor, completa la siguiente informaci\u00f3n para que podamos contactarte.\"<\/span><\/em><\/h6><\/div><div data-type=\"name-element\" data-name=\"names\" class=\" ff-field_container ff-name-field-wrapper\" ><div class='ff-t-container'><div class='ff-t-cell '><div class='ff-el-group'><div class=\"ff-el-input--label ff-el-is-required asterisk-right\"><label for='ff_42_names_first_name_' id='label_ff_42_names_first_name_' >Nombre <\/label><\/div><div class='ff-el-input--content'><input type=\"text\" name=\"names[first_name]\" id=\"ff_42_names_first_name_\" class=\"ff-el-form-control\" placeholder=\"Nombre \" aria-invalid=\"false\" aria-required=true><\/div><\/div><\/div><div class='ff-t-cell '><div class='ff-el-group'><div class=\"ff-el-input--label ff-el-is-required asterisk-right\"><label for='ff_42_names_last_name_' id='label_ff_42_names_last_name_' >Apellidos<\/label><\/div><div class='ff-el-input--content'><input type=\"text\" name=\"names[last_name]\" id=\"ff_42_names_last_name_\" class=\"ff-el-form-control\" placeholder=\"Apellidos\" aria-invalid=\"false\" aria-required=true><\/div><\/div><\/div><\/div><\/div><div class='ff-el-group ff-el-form-top'><div class=\"ff-el-input--label ff-el-is-required asterisk-right\"><label for='ff_42_email' id='label_ff_42_email' aria-label=\"Correo Electr\u00f3nico\">Correo Electr\u00f3nico <\/label><\/div><div class='ff-el-input--content'><input type=\"email\" name=\"email\" id=\"ff_42_email\" class=\"ff-el-form-control\" placeholder=\"Correo Electr\u00f3nico \" data-name=\"email\"  aria-invalid=\"false\" aria-required=true><\/div><\/div><div class='ff-el-group'><div class=\"ff-el-input--label ff-el-is-required asterisk-right\"><label for='ff_42_numeric_field' id='label_ff_42_numeric_field' aria-label=\"Tel\u00e9fono de Contacto\">Tel\u00e9fono de Contacto <\/label><\/div><div class='ff-el-input--content'><input type=\"number\" name=\"numeric_field\" id=\"ff_42_numeric_field\" class=\"ff-el-form-control\" placeholder=\"Ingrese su N\u00famero Aqu\u00ed... \" data-name=\"numeric_field\" inputmode=\"numeric\" step=\"any\"  aria-invalid=\"false\" aria-required=true><\/div><\/div><div class='ff-el-group'><div class=\"ff-el-input--label ff-el-is-required asterisk-right\"><label for='ff_42_numeric_field_1' id='label_ff_42_numeric_field_1' aria-label=\"Cuantas personas viajan ?\">Cuantas personas viajan ?<\/label><\/div><div class='ff-el-input--content'><input type=\"number\" name=\"numeric_field_1\" id=\"ff_42_numeric_field_1\" class=\"ff-el-form-control\" data-name=\"numeric_field_1\" inputmode=\"numeric\" step=\"any\"  aria-invalid=\"false\" aria-required=true><\/div><\/div><div class='ff-el-group'><div class=\"ff-el-input--label asterisk-right\"><label   aria-label=\"Cuentas con Visa?\">Cuentas con Visa?<\/label><\/div><div class='ff-el-input--content'><div class='ff-el-form-check ff-el-form-check-'><label class='ff-el-form-check-label' for='input_radio_3_274b2079742a5aea58d22cc76fb385ff'><input  type=\"radio\" name=\"input_radio_3\" data-name=\"input_radio_3\" class=\"ff-el-form-check-input ff-el-form-check-radio\" value=\"Si\"  id='input_radio_3_274b2079742a5aea58d22cc76fb385ff' aria-label='Si' aria-invalid='false' aria-required=false> <span>Si<\/span><\/label><\/div><div class='ff-el-form-check ff-el-form-check-'><label class='ff-el-form-check-label' for='input_radio_3_f42d8119b0ca84e381b0f492f91ae934'><input  type=\"radio\" name=\"input_radio_3\" data-name=\"input_radio_3\" class=\"ff-el-form-check-input ff-el-form-check-radio\" value=\"no\"  id='input_radio_3_f42d8119b0ca84e381b0f492f91ae934' aria-label='No' aria-invalid='false' aria-required=false> <span>No<\/span><\/label><\/div><\/div><\/div><div class='ff-el-group'><div class=\"ff-el-input--label asterisk-right\"><label for='ff_42_description' id='label_ff_42_description' aria-label=\"D\u00e9janos tu mensaje o consulta\">D\u00e9janos tu mensaje o consulta<\/label><div class=\"ff-el-tooltip\" data-content=\"Este espacio es opcional \"><svg width=\"16\" height=\"16\" viewBox=\"0 0 25 25\"><path d=\"m329 393l0-46c0-2-1-4-2-6-2-2-4-3-7-3l-27 0 0-146c0-3-1-5-3-7-2-1-4-2-7-2l-91 0c-3 0-5 1-7 2-1 2-2 4-2 7l0 46c0 2 1 5 2 6 2 2 4 3 7 3l27 0 0 91-27 0c-3 0-5 1-7 3-1 2-2 4-2 6l0 46c0 3 1 5 2 7 2 1 4 2 7 2l128 0c3 0 5-1 7-2 1-2 2-4 2-7z m-36-256l0-46c0-2-1-4-3-6-2-2-4-3-7-3l-54 0c-3 0-5 1-7 3-2 2-3 4-3 6l0 46c0 3 1 5 3 7 2 1 4 2 7 2l54 0c3 0 5-1 7-2 2-2 3-4 3-7z m182 119c0 40-9 77-29 110-20 34-46 60-80 80-33 20-70 29-110 29-40 0-77-9-110-29-34-20-60-46-80-80-20-33-29-70-29-110 0-40 9-77 29-110 20-34 46-60 80-80 33-20 70-29 110-29 40 0 77 9 110 29 34 20 60 46 80 80 20 33 29 70 29 110z\" transform=\"scale(0.046875 0.046875)\"><\/path><\/svg><\/div><\/div><div class='ff-el-input--content'><textarea aria-required=\"false\" aria-labelledby=\"label_ff_42_description\" name=\"description\" id=\"ff_42_description\" class=\"ff-el-form-control\" placeholder=\"Ej: &quot; Estoy interesado en obtener m\u00e1s informaci\u00f3n sobre sus servicios de asesor\u00eda&quot;.\" rows=\"4\" cols=\"2\" data-name=\"description\" ><\/textarea><\/div><\/div><div class='ff-el-group  ff-custom_html' tabindex='-1' data-name=\"custom_html-42_3\" ><p>Por favor, a continuaci\u00f3n consulta nuestros t\u00e9rminos y condiciones:<\/p>\n<p><a href=\"https:\/\/ossayasociados.com.co\/web\/politicas-y-privacidad\/\" target=\"_blank\" rel=\"noopener\">T\u00e9rminos y condiciones<\/a><\/p><\/div><div class='ff-el-group'><div class=\"ff-el-input--label ff-el-is-required asterisk-right\"><label   aria-label=\"Pol\u00edtica de Privacidad:\">Pol\u00edtica de Privacidad:<\/label><\/div><div class='ff-el-input--content'><div class='ff-el-form-check ff-el-form-check-'><label class='ff-el-form-check-label' for='input_radio_44234a9f5ec8e7c7b0db0b659c84a493'><input  type=\"radio\" name=\"input_radio\" data-name=\"input_radio\" class=\"ff-el-form-check-input ff-el-form-check-radio\" value=\"South America\"  id='input_radio_44234a9f5ec8e7c7b0db0b659c84a493' aria-label='He le\u00eddo y acepto la pol\u00edtica de privacidad.' aria-invalid='false' aria-required=true> <span>He le\u00eddo y acepto la pol\u00edtica de privacidad.<\/span><\/label><\/div><\/div><\/div><div class='ff-el-group'><div class=\"ff-el-input--label ff-el-is-required asterisk-right\"><label   aria-label=\"Consentimiento para Contactar\">Consentimiento para Contactar<\/label><\/div><div class='ff-el-input--content'><div class='ff-el-form-check ff-el-form-check-'><label class='ff-el-form-check-label' for='input_radio_1_c491740236355a731bb84903cdddcb04'><input  type=\"radio\" name=\"input_radio_1\" data-name=\"input_radio_1\" class=\"ff-el-form-check-input ff-el-form-check-radio\" value=\"Acepto que Ossa y Asociados me contacte a trav\u00e9s de los medios proporcionados.\"  id='input_radio_1_c491740236355a731bb84903cdddcb04' aria-label='Acepto que Ossa y Asociados me contacte a trav\u00e9s de los medios proporcionados.' aria-invalid='false' aria-required=true> <span>Acepto que Ossa y Asociados me contacte a trav\u00e9s de los medios proporcionados.<\/span><\/label><\/div><\/div><\/div><div class='ff-el-group ff-text-left ff_submit_btn_wrapper'><button type=\"submit\" class=\"ff-btn ff-btn-submit ff-btn-md ff_btn_no_style wpf_has_custom_css\"  aria-label=\"Solicitar Informaci\u00f3n\">Solicitar Informaci\u00f3n <\/button><\/div><\/fieldset><\/form><div id='fluentform_42_errors' class='ff-errors-in-stack ff_form_instance_42_1 ff-form-loading_errors ff_form_instance_42_1_errors'><\/div><\/div>            <script type=\"text\/javascript\">\n                window.fluent_form_ff_form_instance_42_1 = {\"id\":\"42\",\"ajaxUrl\":\"https:\\\/\\\/ossayasociados.com.co\\\/web\\\/wp-admin\\\/admin-ajax.php\",\"settings\":{\"layout\":{\"labelPlacement\":\"top\",\"helpMessagePlacement\":\"with_label\",\"errorMessagePlacement\":\"inline\",\"cssClassName\":\"\",\"asteriskPlacement\":\"asterisk-right\"},\"restrictions\":{\"denyEmptySubmission\":{\"enabled\":false}}},\"form_instance\":\"ff_form_instance_42_1\",\"form_id_selector\":\"fluentform_42\",\"rules\":{\"names[first_name]\":{\"required\":{\"value\":true,\"message\":\"Este campo es obligatorio\",\"global\":true,\"global_message\":\"Este campo es obligatorio\"}},\"names[middle_name]\":{\"required\":{\"value\":false,\"message\":\"Este campo es obligatorio\",\"global\":true,\"global_message\":\"Este campo es obligatorio\"}},\"names[last_name]\":{\"required\":{\"value\":true,\"message\":\"Este campo es obligatorio\",\"global\":true,\"global_message\":\"Este campo es obligatorio\"}},\"email\":{\"required\":{\"value\":true,\"message\":\"Este campo es obligatorio\",\"global\":true,\"global_message\":\"Este campo es obligatorio\"},\"email\":{\"value\":true,\"message\":\"Este campo debe contener un correo electr\\u00f3nico v\\u00e1lido\",\"global\":true,\"global_message\":\"Este campo debe contener un correo electr\\u00f3nico v\\u00e1lido\"}},\"numeric_field\":{\"required\":{\"value\":true,\"message\":\"Este campo es obligatorio\",\"global\":true,\"global_message\":\"Este campo es obligatorio\"},\"numeric\":{\"value\":true,\"message\":\"Este campo debe contener valor num\\u00e9rico\",\"global\":true,\"global_message\":\"Este campo debe contener valor num\\u00e9rico\"},\"min\":{\"value\":\"\",\"message\":\"La validaci\\u00f3n falla por el valor m\\u00ednimo\",\"global\":true,\"global_message\":\"La validaci\\u00f3n falla por el valor m\\u00ednimo\"},\"max\":{\"value\":\"\",\"message\":\"La validaci\\u00f3n falla por el valor m\\u00e1ximo\",\"global\":true,\"global_message\":\"La validaci\\u00f3n falla por el valor m\\u00e1ximo\"}},\"numeric_field_1\":{\"required\":{\"value\":true,\"message\":\"Este campo es obligatorio\",\"global_message\":\"Este campo es obligatorio\",\"global\":true},\"numeric\":{\"value\":true,\"message\":\"Este campo debe contener valor num\\u00e9rico\",\"global_message\":\"Este campo debe contener valor num\\u00e9rico\",\"global\":true},\"min\":{\"value\":\"\",\"message\":\"La validaci\\u00f3n falla por el valor m\\u00ednimo\",\"global_message\":\"La validaci\\u00f3n falla por el valor m\\u00ednimo\",\"global\":true},\"max\":{\"value\":\"\",\"message\":\"La validaci\\u00f3n falla por el valor m\\u00e1ximo\",\"global_message\":\"La validaci\\u00f3n falla por el valor m\\u00e1ximo\",\"global\":true},\"digits\":{\"value\":\"\",\"message\":\"La validaci\\u00f3n falla por d\\u00edgitos limitados\",\"global_message\":\"La validaci\\u00f3n falla por d\\u00edgitos limitados\",\"global\":true}},\"input_radio_3\":{\"required\":{\"value\":false,\"message\":\"Este campo es obligatorio\",\"global_message\":\"Este campo es obligatorio\",\"global\":true}},\"description\":{\"required\":{\"value\":false,\"message\":\"Este campo es obligatorio\",\"global\":true,\"global_message\":\"Este campo es obligatorio\"}},\"input_radio\":{\"required\":{\"value\":true,\"message\":\"Este campo es obligatorio\",\"global\":true,\"global_message\":\"Este campo es obligatorio\"}},\"input_radio_1\":{\"required\":{\"value\":true,\"message\":\"Este campo es obligatorio\",\"global\":true,\"global_message\":\"Este campo es obligatorio\"}}},\"debounce_time\":300};\n                            <\/script>\n                        <\/div>\n\n            \t\t\t\t<\/div>\n\t\t\t\t<\/div>\n\t\t\t\t\t<\/div>\n\t\t\t\t<\/div>\n\t\t\t\t<\/div>\n\t\t","protected":false},"excerpt":{"rendered":"<p>Charter \u00a1Reserva tu lugar vuelo charter!24 de Junio\u00a0 \u00a0&#8220;Por favor, completa la siguiente informaci\u00f3n para que podamos contactarte.&#8221;Nombre ApellidosCorreo Electr\u00f3nico Tel\u00e9fono de Contacto Cuantas personas viajan ?Cuentas con Visa? Si NoD\u00e9janos tu mensaje o consulta Por favor, a continuaci\u00f3n consulta nuestros t\u00e9rminos y condiciones: T\u00e9rminos y condiciones Pol\u00edtica de Privacidad: He le\u00eddo y acepto la [&hellip;]<\/p>\n","protected":false},"author":1,"featured_media":0,"parent":0,"menu_order":0,"comment_status":"closed","ping_status":"closed","template":"","meta":{"om_disable_all_campaigns":false,"site-sidebar-layout":"no-sidebar","site-content-layout":"page-builder","ast-site-content-layout":"full-width-container","site-content-style":"default","site-sidebar-style":"default","ast-global-header-display":"","ast-banner-title-visibility":"","ast-main-header-display":"","ast-hfb-above-header-display":"","ast-hfb-below-header-display":"","ast-hfb-mobile-header-display":"","site-post-title":"disabled","ast-breadcrumbs-content":"","ast-featured-img":"disabled","footer-sml-layout":"","theme-transparent-header-meta":"","adv-header-id-meta":"","stick-header-meta":"","header-above-stick-meta":"","header-main-stick-meta":"","header-below-stick-meta":"","astra-migrate-meta-layouts":"set","ast-page-background-enabled":"default","ast-page-background-meta":{"desktop":{"background-color":"var(--ast-global-color-4)","background-image":"","background-repeat":"repeat","background-position":"center center","background-size":"auto","background-attachment":"scroll","background-type":"","background-media":"","overlay-type":"","overlay-color":"","overlay-gradient":""},"tablet":{"background-color":"","background-image":"","background-repeat":"repeat","background-position":"center center","background-size":"auto","background-attachment":"scroll","background-type":"","background-media":"","overlay-type":"","overlay-color":"","overlay-gradient":""},"mobile":{"background-color":"","background-image":"","background-repeat":"repeat","background-position":"center center","background-size":"auto","background-attachment":"scroll","background-type":"","background-media":"","overlay-type":"","overlay-color":"","overlay-gradient":""}},"ast-content-background-meta":{"desktop":{"background-color":"var(--ast-global-color-5)","background-image":"","background-repeat":"repeat","background-position":"center center","background-size":"auto","background-attachment":"scroll","background-type":"","background-media":"","overlay-type":"","overlay-color":"","overlay-gradient":""},"tablet":{"background-color":"var(--ast-global-color-5)","background-image":"","background-repeat":"repeat","background-position":"center center","background-size":"auto","background-attachment":"scroll","background-type":"","background-media":"","overlay-type":"","overlay-color":"","overlay-gradient":""},"mobile":{"background-color":"var(--ast-global-color-5)","background-image":"","background-repeat":"repeat","background-position":"center center","background-size":"auto","background-attachment":"scroll","background-type":"","background-media":"","overlay-type":"","overlay-color":"","overlay-gradient":""}},"footnotes":""},"class_list":["post-5351","page","type-page","status-publish","hentry"],"yoast_head":"<!-- This site is optimized with the Yoast SEO plugin v27.5 - https:\/\/yoast.com\/product\/yoast-seo-wordpress\/ -->\n<title>Charter 2 - Ossa y Asociados<\/title>\n<meta name=\"robots\" content=\"index, follow, max-snippet:-1, max-image-preview:large, max-video-preview:-1\" \/>\n<link rel=\"canonical\" href=\"https:\/\/ossayasociados.com.co\/web\/charter-2\/\" \/>\n<meta property=\"og:locale\" content=\"es_ES\" \/>\n<meta property=\"og:type\" content=\"article\" \/>\n<meta property=\"og:title\" content=\"Charter 2 - Ossa y Asociados\" \/>\n<meta property=\"og:description\" content=\"Charter \u00a1Reserva tu lugar vuelo charter!24 de Junio\u00a0 \u00a0&#8220;Por favor, completa la siguiente informaci\u00f3n para que podamos contactarte.&#8221;Nombre ApellidosCorreo Electr\u00f3nico Tel\u00e9fono de Contacto Cuantas personas viajan ?Cuentas con Visa? Si NoD\u00e9janos tu mensaje o consulta Por favor, a continuaci\u00f3n consulta nuestros t\u00e9rminos y condiciones: T\u00e9rminos y condiciones Pol\u00edtica de Privacidad: He le\u00eddo y acepto la [&hellip;]\" \/>\n<meta property=\"og:url\" content=\"https:\/\/ossayasociados.com.co\/web\/charter-2\/\" \/>\n<meta property=\"og:site_name\" content=\"Ossa y Asociados\" \/>\n<meta property=\"article:publisher\" content=\"https:\/\/www.facebook.com\/OSSAyAsociadosViajes\" \/>\n<meta property=\"article:modified_time\" content=\"2026-05-11T16:39:16+00:00\" \/>\n<meta name=\"twitter:card\" content=\"summary_large_image\" \/>\n<meta name=\"twitter:label1\" content=\"Tiempo de lectura\" \/>\n\t<meta name=\"twitter:data1\" content=\"1 minuto\" \/>\n<script type=\"application\/ld+json\" class=\"yoast-schema-graph\">{\"@context\":\"https:\\\/\\\/schema.org\",\"@graph\":[{\"@type\":\"WebPage\",\"@id\":\"https:\\\/\\\/ossayasociados.com.co\\\/web\\\/charter-2\\\/\",\"url\":\"https:\\\/\\\/ossayasociados.com.co\\\/web\\\/charter-2\\\/\",\"name\":\"Charter 2 - Ossa y Asociados\",\"isPartOf\":{\"@id\":\"https:\\\/\\\/ossayasociados.com.co\\\/web\\\/#website\"},\"datePublished\":\"2024-07-11T00:56:03+00:00\",\"dateModified\":\"2026-05-11T16:39:16+00:00\",\"breadcrumb\":{\"@id\":\"https:\\\/\\\/ossayasociados.com.co\\\/web\\\/charter-2\\\/#breadcrumb\"},\"inLanguage\":\"es\",\"potentialAction\":[{\"@type\":\"ReadAction\",\"target\":[\"https:\\\/\\\/ossayasociados.com.co\\\/web\\\/charter-2\\\/\"]}]},{\"@type\":\"BreadcrumbList\",\"@id\":\"https:\\\/\\\/ossayasociados.com.co\\\/web\\\/charter-2\\\/#breadcrumb\",\"itemListElement\":[{\"@type\":\"ListItem\",\"position\":1,\"name\":\"Portada\",\"item\":\"https:\\\/\\\/ossayasociados.com.co\\\/web\\\/\"},{\"@type\":\"ListItem\",\"position\":2,\"name\":\"Charter 2\"}]},{\"@type\":\"WebSite\",\"@id\":\"https:\\\/\\\/ossayasociados.com.co\\\/web\\\/#website\",\"url\":\"https:\\\/\\\/ossayasociados.com.co\\\/web\\\/\",\"name\":\"Ossa y Asociados\",\"description\":\"\",\"publisher\":{\"@id\":\"https:\\\/\\\/ossayasociados.com.co\\\/web\\\/#organization\"},\"potentialAction\":[{\"@type\":\"SearchAction\",\"target\":{\"@type\":\"EntryPoint\",\"urlTemplate\":\"https:\\\/\\\/ossayasociados.com.co\\\/web\\\/?s={search_term_string}\"},\"query-input\":{\"@type\":\"PropertyValueSpecification\",\"valueRequired\":true,\"valueName\":\"search_term_string\"}}],\"inLanguage\":\"es\"},{\"@type\":\"Organization\",\"@id\":\"https:\\\/\\\/ossayasociados.com.co\\\/web\\\/#organization\",\"name\":\"Ossa y Asociados\",\"url\":\"https:\\\/\\\/ossayasociados.com.co\\\/web\\\/\",\"logo\":{\"@type\":\"ImageObject\",\"inLanguage\":\"es\",\"@id\":\"https:\\\/\\\/ossayasociados.com.co\\\/web\\\/#\\\/schema\\\/logo\\\/image\\\/\",\"url\":\"https:\\\/\\\/ossayasociados.com.co\\\/web\\\/wp-content\\\/uploads\\\/2025\\\/07\\\/LOGO-CON-LA-O-8.png\",\"contentUrl\":\"https:\\\/\\\/ossayasociados.com.co\\\/web\\\/wp-content\\\/uploads\\\/2025\\\/07\\\/LOGO-CON-LA-O-8.png\",\"width\":1080,\"height\":1920,\"caption\":\"Ossa y Asociados\"},\"image\":{\"@id\":\"https:\\\/\\\/ossayasociados.com.co\\\/web\\\/#\\\/schema\\\/logo\\\/image\\\/\"},\"sameAs\":[\"https:\\\/\\\/www.facebook.com\\\/OSSAyAsociadosViajes\",\"https:\\\/\\\/www.instagram.com\\\/ossayasociados?igsh=ZmpweHA4dG9za2Rm\"]}]}<\/script>\n<!-- \/ Yoast SEO plugin. -->","yoast_head_json":{"title":"Charter 2 - Ossa y Asociados","robots":{"index":"index","follow":"follow","max-snippet":"max-snippet:-1","max-image-preview":"max-image-preview:large","max-video-preview":"max-video-preview:-1"},"canonical":"https:\/\/ossayasociados.com.co\/web\/charter-2\/","og_locale":"es_ES","og_type":"article","og_title":"Charter 2 - Ossa y Asociados","og_description":"Charter \u00a1Reserva tu lugar vuelo charter!24 de Junio\u00a0 \u00a0&#8220;Por favor, completa la siguiente informaci\u00f3n para que podamos contactarte.&#8221;Nombre ApellidosCorreo Electr\u00f3nico Tel\u00e9fono de Contacto Cuantas personas viajan ?Cuentas con Visa? Si NoD\u00e9janos tu mensaje o consulta Por favor, a continuaci\u00f3n consulta nuestros t\u00e9rminos y condiciones: T\u00e9rminos y condiciones Pol\u00edtica de Privacidad: He le\u00eddo y acepto la [&hellip;]","og_url":"https:\/\/ossayasociados.com.co\/web\/charter-2\/","og_site_name":"Ossa y Asociados","article_publisher":"https:\/\/www.facebook.com\/OSSAyAsociadosViajes","article_modified_time":"2026-05-11T16:39:16+00:00","twitter_card":"summary_large_image","twitter_misc":{"Tiempo de lectura":"1 minuto"},"schema":{"@context":"https:\/\/schema.org","@graph":[{"@type":"WebPage","@id":"https:\/\/ossayasociados.com.co\/web\/charter-2\/","url":"https:\/\/ossayasociados.com.co\/web\/charter-2\/","name":"Charter 2 - Ossa y Asociados","isPartOf":{"@id":"https:\/\/ossayasociados.com.co\/web\/#website"},"datePublished":"2024-07-11T00:56:03+00:00","dateModified":"2026-05-11T16:39:16+00:00","breadcrumb":{"@id":"https:\/\/ossayasociados.com.co\/web\/charter-2\/#breadcrumb"},"inLanguage":"es","potentialAction":[{"@type":"ReadAction","target":["https:\/\/ossayasociados.com.co\/web\/charter-2\/"]}]},{"@type":"BreadcrumbList","@id":"https:\/\/ossayasociados.com.co\/web\/charter-2\/#breadcrumb","itemListElement":[{"@type":"ListItem","position":1,"name":"Portada","item":"https:\/\/ossayasociados.com.co\/web\/"},{"@type":"ListItem","position":2,"name":"Charter 2"}]},{"@type":"WebSite","@id":"https:\/\/ossayasociados.com.co\/web\/#website","url":"https:\/\/ossayasociados.com.co\/web\/","name":"Ossa y Asociados","description":"","publisher":{"@id":"https:\/\/ossayasociados.com.co\/web\/#organization"},"potentialAction":[{"@type":"SearchAction","target":{"@type":"EntryPoint","urlTemplate":"https:\/\/ossayasociados.com.co\/web\/?s={search_term_string}"},"query-input":{"@type":"PropertyValueSpecification","valueRequired":true,"valueName":"search_term_string"}}],"inLanguage":"es"},{"@type":"Organization","@id":"https:\/\/ossayasociados.com.co\/web\/#organization","name":"Ossa y Asociados","url":"https:\/\/ossayasociados.com.co\/web\/","logo":{"@type":"ImageObject","inLanguage":"es","@id":"https:\/\/ossayasociados.com.co\/web\/#\/schema\/logo\/image\/","url":"https:\/\/ossayasociados.com.co\/web\/wp-content\/uploads\/2025\/07\/LOGO-CON-LA-O-8.png","contentUrl":"https:\/\/ossayasociados.com.co\/web\/wp-content\/uploads\/2025\/07\/LOGO-CON-LA-O-8.png","width":1080,"height":1920,"caption":"Ossa y Asociados"},"image":{"@id":"https:\/\/ossayasociados.com.co\/web\/#\/schema\/logo\/image\/"},"sameAs":["https:\/\/www.facebook.com\/OSSAyAsociadosViajes","https:\/\/www.instagram.com\/ossayasociados?igsh=ZmpweHA4dG9za2Rm"]}]}},"_links":{"self":[{"href":"https:\/\/ossayasociados.com.co\/web\/wp-json\/wp\/v2\/pages\/5351","targetHints":{"allow":["GET"]}}],"collection":[{"href":"https:\/\/ossayasociados.com.co\/web\/wp-json\/wp\/v2\/pages"}],"about":[{"href":"https:\/\/ossayasociados.com.co\/web\/wp-json\/wp\/v2\/types\/page"}],"author":[{"embeddable":true,"href":"https:\/\/ossayasociados.com.co\/web\/wp-json\/wp\/v2\/users\/1"}],"replies":[{"embeddable":true,"href":"https:\/\/ossayasociados.com.co\/web\/wp-json\/wp\/v2\/comments?post=5351"}],"version-history":[{"count":27,"href":"https:\/\/ossayasociados.com.co\/web\/wp-json\/wp\/v2\/pages\/5351\/revisions"}],"predecessor-version":[{"id":10335,"href":"https:\/\/ossayasociados.com.co\/web\/wp-json\/wp\/v2\/pages\/5351\/revisions\/10335"}],"wp:attachment":[{"href":"https:\/\/ossayasociados.com.co\/web\/wp-json\/wp\/v2\/media?parent=5351"}],"curies":[{"name":"wp","href":"https:\/\/api.w.org\/{rel}","templated":true}]}}